{"id":7006,"date":"2022-12-05T08:54:47","date_gmt":"2022-12-05T07:54:47","guid":{"rendered":"http:\/\/bkwsb.kbsolution.pl\/?page_id=7006"},"modified":"2023-03-02T14:50:27","modified_gmt":"2023-03-02T13:50:27","slug":"o-nas","status":"publish","type":"page","link":"https:\/\/biurokarier.wsb.gorzow.pl\/index.php\/o-nas\/","title":{"rendered":"O nas"},"content":{"rendered":"<p><span style=\"font-weight: 400;\">Serwis internetowy Biura Karier Wy\u017cszej Szko\u0142y Biznesu w Gorzowie Wlkp. zosta\u0142 utworzony w 2022 r. dzi\u0119ki \u015brodkom z Funduszy Europejskich Wiedza Edukacja Rozw\u00f3j w ramach projektu \u201eWy\u017csza Szko\u0142a Biznesu w Gorzowie Wlkp. \u2013 Uczelnia przyjazna i dost\u0119pna\u201d.<\/span><\/p>\n<p><span style=\"font-weight: 400;\">Biuro Karier WSB jest platform\u0105, kt\u00f3ra oferuje studentom i absolwentom pomoc w poszukiwaniu ofert pracy, a tym samym wsparcie w rozwoju zawodowym.\u00a0<\/span><\/p>\n<p><span style=\"font-weight: 400;\">Poza ofertami pracy na stronach internetowych Biura Karier b\u0119dzie mo\u017cna znale\u017a\u0107 r\u00f3\u017cne informacje z rynku pracy, ale r\u00f3wnie\u017c inne ciekawe materia\u0142y dotycz\u0105ce rozwoju zawodowego.<\/span><\/p>\n<p><strong>Do korzystania z serwisu internetowego Biura Karier zapraszamy:<\/strong><\/p>\n<ul>\n<li style=\"font-weight: 400;\" aria-level=\"1\"><span style=\"font-weight: 400;\">student\u00f3w i absolwent\u00f3w poszukuj\u0105cych nowych mo\u017cliwo\u015bci zawodowych \u2013 ofert pracy, sta\u017cy i praktyk,\u00a0<\/span><\/li>\n<li style=\"font-weight: 400;\" aria-level=\"1\"><span style=\"font-weight: 400;\">pracodawc\u00f3w poszukuj\u0105cych kandydat\u00f3w do pracy, na sta\u017ce i praktyki.<\/span><\/li>\n<\/ul>\n<p><span style=\"font-weight: 400;\">Zach\u0119camy tak\u017ce student\u00f3w i absolwent\u00f3w innych uczelni do zarejestrowania si\u0119 na stronie <strong>www.biurokarier.wsb.gorzow.pl<\/strong>.<\/span><\/p>\n<p><b>Serwis internetowy Biura Karier WSB umo\u017cliwia:<\/b><\/p>\n<p><b>PRACODAWCOM:<\/b><\/p>\n<ul>\n<li style=\"font-weight: 400;\" aria-level=\"1\"><span style=\"font-weight: 400;\">upowszechnianie informacji o firmie oraz ofertach pracy, sta\u017cy i praktyk poprzez ich publikacj\u0119 bezpo\u015brednio z konta u\u017cytkownika \u2013 pracodawca po zarejestrowaniu si\u0119 na stronie internetowej Biura ma mo\u017cliwo\u015b\u0107 publikowania informacji na temat firmy oraz ofert dla kandydat\u00f3w do pracy, zarz\u0105dzania tymi tre\u015bciami i przyjmowania aplikacji (CV, list motywacyjny itd.),<\/span><\/li>\n<li style=\"font-weight: 400;\" aria-level=\"1\"><span style=\"font-weight: 400;\">zamieszczanie w Aktualno\u015bciach serwisu (za po\u015brednictwem pracownika WSB) interesuj\u0105cych dla kandydat\u00f3w do pracy informacji (np. o wydarzeniach firmowych, konkursach, programach rozwojowych),<\/span><\/li>\n<li style=\"font-weight: 400;\" aria-level=\"1\"><span style=\"font-weight: 400;\">przegl\u0105dania bazy student\u00f3w i absolwent\u00f3w \u2013 dost\u0119pnej po zalogowaniu si\u0119 na konto pracodawcy;<\/span><\/li>\n<\/ul>\n<p><b>KANDYDATOM DO PRACY:<\/b><\/p>\n<ul>\n<li style=\"font-weight: 400;\" aria-level=\"1\"><span style=\"font-weight: 400;\">przegl\u0105danie ofert pracy, sta\u017cy i praktyk publikowanych przez pracodawc\u00f3w,<\/span><\/li>\n<li style=\"font-weight: 400;\" aria-level=\"1\"><span style=\"font-weight: 400;\">zarejestrowanie indywidualnego profilu kandydata do pracy i aplikowanie na oferty pracy znajduj\u0105ce si\u0119 w serwisie,<\/span><\/li>\n<li style=\"font-weight: 400;\" aria-level=\"1\"><span style=\"font-weight: 400;\">przegl\u0105danie informacji o pracodawcach zamieszczanych w serwisie,<\/span><\/li>\n<li style=\"font-weight: 400;\" aria-level=\"1\"><span style=\"font-weight: 400;\">korzystanie z informacji publikowanych na stronie zwi\u0105zanych z rynkiem pracy i rozwojem zawodowym.<\/span><\/li>\n<\/ul>\n<p><span style=\"font-weight: 400;\">Zach\u0119camy pracodawc\u00f3w, student\u00f3w i absolwent\u00f3w do rejestracji w serwisie www.biurokarier.wsb.gorzow.pl.<\/span><\/p>\n<p><b>Serwis www.biurokarier.wsb.gorzow.pl jest w pe\u0142ni dostosowany do potrzeb os\u00f3b z niepe\u0142nosprawno\u015bciami, a korzystanie z serwisu jest ca\u0142kowicie nieodp\u0142atne.<\/b><\/p>\n","protected":false},"excerpt":{"rendered":"<p>Serwis internetowy Biura Karier Wy\u017cszej Szko\u0142y Biznesu w Gorzowie Wlkp. zosta\u0142 utworzony w 2022 r. dzi\u0119ki \u015brodkom z Funduszy Europejskich Wiedza Edukacja Rozw\u00f3j w ramach projektu \u201eWy\u017csza Szko\u0142a Biznesu w Gorzowie Wlkp. \u2013 Uczelnia przyjazna i dost\u0119pna\u201d. Biuro Karier WSB jest platform\u0105, kt\u00f3ra oferuje studentom i absolwentom pomoc w poszukiwaniu ofert pracy, a tym samym [&hellip;]<\/p>\n","protected":false},"author":1,"featured_media":0,"parent":0,"menu_order":0,"comment_status":"closed","ping_status":"closed","template":"","meta":{"inline_featured_image":false,"_mi_skip_tracking":false,"_monsterinsights_sitenote_active":false,"_monsterinsights_sitenote_note":"","_monsterinsights_sitenote_category":0,"footnotes":""},"class_list":["post-7006","page","type-page","status-publish","hentry"],"aioseo_notices":[],"_links":{"self":[{"href":"https:\/\/biurokarier.wsb.gorzow.pl\/index.php\/wp-json\/wp\/v2\/pages\/7006","targetHints":{"allow":["GET"]}}],"collection":[{"href":"https:\/\/biurokarier.wsb.gorzow.pl\/index.php\/wp-json\/wp\/v2\/pages"}],"about":[{"href":"https:\/\/biurokarier.wsb.gorzow.pl\/index.php\/wp-json\/wp\/v2\/types\/page"}],"author":[{"embeddable":true,"href":"https:\/\/biurokarier.wsb.gorzow.pl\/index.php\/wp-json\/wp\/v2\/users\/1"}],"replies":[{"embeddable":true,"href":"https:\/\/biurokarier.wsb.gorzow.pl\/index.php\/wp-json\/wp\/v2\/comments?post=7006"}],"version-history":[{"count":2,"href":"https:\/\/biurokarier.wsb.gorzow.pl\/index.php\/wp-json\/wp\/v2\/pages\/7006\/revisions"}],"predecessor-version":[{"id":7400,"href":"https:\/\/biurokarier.wsb.gorzow.pl\/index.php\/wp-json\/wp\/v2\/pages\/7006\/revisions\/7400"}],"wp:attachment":[{"href":"https:\/\/biurokarier.wsb.gorzow.pl\/index.php\/wp-json\/wp\/v2\/media?parent=7006"}],"curies":[{"name":"wp","href":"https:\/\/api.w.org\/{rel}","templated":true}]}}