{"id":7009,"date":"2022-12-05T08:55:47","date_gmt":"2022-12-05T07:55:47","guid":{"rendered":"http:\/\/bkwsb.kbsolution.pl\/?page_id=7009"},"modified":"2023-03-10T17:13:10","modified_gmt":"2023-03-10T16:13:10","slug":"dla-firm","status":"publish","type":"page","link":"https:\/\/biurokarier.wsb.gorzow.pl\/index.php\/dla-firm\/","title":{"rendered":"Dla Firm"},"content":{"rendered":"\t\t<div data-elementor-type=\"wp-page\" data-elementor-id=\"7009\" class=\"elementor elementor-7009\">\n\t\t\t\t\t\t\t\t\t<section class=\"elementor-section elementor-top-section elementor-element elementor-element-01f5a80 elementor-section-full_width elementor-section-stretched elementor-section-height-default elementor-section-height-default\" data-id=\"01f5a80\" data-element_type=\"section\" data-settings=\"{&quot;stretch_section&quot;:&quot;section-stretched&quot;}\">\n\t\t\t\t\t\t<div class=\"elementor-container elementor-column-gap-default\">\n\t\t\t\t\t<div class=\"elementor-column elementor-col-100 elementor-top-column elementor-element elementor-element-e167d7a\" data-id=\"e167d7a\" data-element_type=\"column\">\n\t\t\t<div class=\"elementor-widget-wrap elementor-element-populated\">\n\t\t\t\t\t\t\t\t<div class=\"elementor-element elementor-element-817c808 elementor-widget elementor-widget-apus_element_job_board_pro_employers\" data-id=\"817c808\" data-element_type=\"widget\" data-settings=\"{&quot;columns&quot;:&quot;4&quot;}\" data-widget_type=\"apus_element_job_board_pro_employers.default\">\n\t\t\t\t<div class=\"elementor-widget-container\">\n\t\t\t            <div class=\"widget-employers grid  grid\">\n                                <div class=\"widget-content\">\n                                                                    <div class=\"row\">\n                                                            <div class=\"col-md-3 col-sm-6 col-xs-12  md-clearfix lg-clearfix sm-clearfix\">\n                                    \n\n<article id=\"post-7857\" class=\"map-item employer-card post-7857 employer type-employer status-publish has-post-thumbnail hentry employer_category-uslugowy\" data-latitude=\"\" data-longitude=\"\" data-img=\"https:\/\/biurokarier.wsb.gorzow.pl\/wp-content\/uploads\/wp-job-board-pro-uploads\/_employer_featured_image\/2026\/04\/Belka-Logo-Projektu_Kontraktor_PFRON-150x150.png\">\n    <div class=\"employer-grid layout-employer\">\n        \t<a href=\"javascript:void(0)\" class=\"btn-action-job button btn-follow btn-follow-employer\" data-employer_id=\"7857\" data-nonce=\"0cc9d04583\"><i class=\"flaticon-bookmark\"><\/i><span class=\"text\">Follow us<\/span><\/a>\n\t                    <div class=\"employer-logo\">\n    \t        \t<a href=\"https:\/\/biurokarier.wsb.gorzow.pl\/index.php\/employer\/absolwent\/\">\n        \t        \t\t                <img loading=\"lazy\" decoding=\"async\" width=\"150\" height=\"150\" src=\"https:\/\/biurokarier.wsb.gorzow.pl\/wp-content\/uploads\/wp-job-board-pro-uploads\/_employer_featured_image\/2026\/04\/Belka-Logo-Projektu_Kontraktor_PFRON-150x150.png\" class=\"attachment-thumbnail size-thumbnail wp-post-image\" alt=\"\" \/>\t                            \t<\/a>\n            <\/div>\n            \n                <h2 class=\"employer-title\">\n            <a href=\"https:\/\/biurokarier.wsb.gorzow.pl\/index.php\/employer\/absolwent\/\" rel=\"bookmark\">\n                Kontraktor Sp. z o.o. Projekt &#8222;Dyplom i co dalej?&#8230;&#8221;            <\/a>\n        <\/h2>\n        <div class=\"employer-information\">\n            \n            \t\t\t\t\t<div class=\"job-category\">\n    \t    \t\t<div class=\"value\">\n    \t\t\t \n\t\t\t\t\t<i class=\"flaticon-briefcase-1\"><\/i>\n\t\t\t\t \n\t    \t\t\t\t            \t<a class=\"category-employer\" href=\"https:\/\/biurokarier.wsb.gorzow.pl\/index.php\/employer-category\/uslugowy\/\">Us\u0142ugowy<\/a>\t\t        \t\t    \t<\/div>\n    \t<\/div>\n    \t\n            \t<div class=\"wrapper-open-job\">\n\t\t\t\t\t<a href=\"https:\/\/biurokarier.wsb.gorzow.pl\/index.php\/employer\/absolwent\/\" class=\"open-job\">\n\t\t        Open Jobs - <span>0<\/span>        \t\t\t<\/a>\n\t\t    <\/div>\n            <\/div>\n    <\/div>\n<\/article><!-- #post-## -->\n\n                                <\/div>\n                                                            <div class=\"col-md-3 col-sm-6 col-xs-12 \">\n                                    \n\n<article id=\"post-7855\" class=\"map-item employer-card post-7855 employer type-employer status-publish hentry\" data-latitude=\"\" data-longitude=\"\" data-img=\"\">\n    <div class=\"employer-grid layout-employer\">\n        \t<a href=\"javascript:void(0)\" class=\"btn-action-job button btn-follow btn-follow-employer\" data-employer_id=\"7855\" data-nonce=\"0cc9d04583\"><i class=\"flaticon-bookmark\"><\/i><span class=\"text\">Follow us<\/span><\/a>\n\t                    <div class=\"employer-logo\">\n    \t        \t<a href=\"https:\/\/biurokarier.wsb.gorzow.pl\/index.php\/employer\/gorzow\/\">\n        \t        \t\t            \t<img decoding=\"async\" src=\"https:\/\/biurokarier.wsb.gorzow.pl\/wp-content\/themes\/superio\/images\/placeholder.png\" alt=\"gorzow\">\n\t                            \t<\/a>\n            <\/div>\n            \n                <h2 class=\"employer-title\">\n            <a href=\"https:\/\/biurokarier.wsb.gorzow.pl\/index.php\/employer\/gorzow\/\" rel=\"bookmark\">\n                gorzow            <\/a>\n        <\/h2>\n        <div class=\"employer-information\">\n            \n            \n            \t<div class=\"wrapper-open-job\">\n\t\t\t\t\t<a href=\"https:\/\/biurokarier.wsb.gorzow.pl\/index.php\/employer\/gorzow\/\" class=\"open-job\">\n\t\t        Open Jobs - <span>0<\/span>        \t\t\t<\/a>\n\t\t    <\/div>\n            <\/div>\n    <\/div>\n<\/article><!-- #post-## -->\n\n                                <\/div>\n                                                            <div class=\"col-md-3 col-sm-6 col-xs-12  sm-clearfix\">\n                                    \n\n<article id=\"post-7852\" class=\"map-item employer-card post-7852 employer type-employer status-publish hentry\" data-latitude=\"\" data-longitude=\"\" data-img=\"\">\n    <div class=\"employer-grid layout-employer\">\n        \t<a href=\"javascript:void(0)\" class=\"btn-action-job button btn-follow btn-follow-employer\" data-employer_id=\"7852\" data-nonce=\"0cc9d04583\"><i class=\"flaticon-bookmark\"><\/i><span class=\"text\">Follow us<\/span><\/a>\n\t                    <div class=\"employer-logo\">\n    \t        \t<a href=\"https:\/\/biurokarier.wsb.gorzow.pl\/index.php\/employer\/agata-zielinska\/\">\n        \t        \t\t            \t<img decoding=\"async\" src=\"https:\/\/biurokarier.wsb.gorzow.pl\/wp-content\/themes\/superio\/images\/placeholder.png\" alt=\"agata.zielinska\">\n\t                            \t<\/a>\n            <\/div>\n            \n                <h2 class=\"employer-title\">\n            <a href=\"https:\/\/biurokarier.wsb.gorzow.pl\/index.php\/employer\/agata-zielinska\/\" rel=\"bookmark\">\n                agata.zielinska            <\/a>\n        <\/h2>\n        <div class=\"employer-information\">\n            \n            \n            \t<div class=\"wrapper-open-job\">\n\t\t\t\t\t<a href=\"https:\/\/biurokarier.wsb.gorzow.pl\/index.php\/employer\/agata-zielinska\/\" class=\"open-job\">\n\t\t        Open Jobs - <span>0<\/span>        \t\t\t<\/a>\n\t\t    <\/div>\n            <\/div>\n    <\/div>\n<\/article><!-- #post-## -->\n\n                                <\/div>\n                                                            <div class=\"col-md-3 col-sm-6 col-xs-12 \">\n                                    \n\n<article id=\"post-7845\" class=\"map-item employer-card post-7845 employer type-employer status-publish has-post-thumbnail hentry employer_category-uslugowy\" data-latitude=\"\" data-longitude=\"\" data-img=\"https:\/\/biurokarier.wsb.gorzow.pl\/wp-content\/uploads\/wp-job-board-pro-uploads\/_employer_featured_image\/2025\/06\/logo-mcg-150x150_dla-karoli-002-1.jpg\">\n    <div class=\"employer-grid layout-employer\">\n        \t<a href=\"javascript:void(0)\" class=\"btn-action-job button btn-follow btn-follow-employer\" data-employer_id=\"7845\" data-nonce=\"0cc9d04583\"><i class=\"flaticon-bookmark\"><\/i><span class=\"text\">Follow us<\/span><\/a>\n\t                    <div class=\"employer-logo\">\n    \t        \t<a href=\"https:\/\/biurokarier.wsb.gorzow.pl\/index.php\/employer\/karolina-u\/\">\n        \t        \t\t                <img loading=\"lazy\" decoding=\"async\" width=\"150\" height=\"74\" src=\"https:\/\/biurokarier.wsb.gorzow.pl\/wp-content\/uploads\/wp-job-board-pro-uploads\/_employer_featured_image\/2025\/06\/logo-mcg-150x150_dla-karoli-002-1.jpg\" class=\"attachment-thumbnail size-thumbnail wp-post-image\" alt=\"\" \/>\t                            \t<\/a>\n            <\/div>\n            \n                <h2 class=\"employer-title\">\n            <a href=\"https:\/\/biurokarier.wsb.gorzow.pl\/index.php\/employer\/karolina-u\/\" rel=\"bookmark\">\n                MCG Logistics Sp. z o.o.            <\/a>\n        <\/h2>\n        <div class=\"employer-information\">\n            \n            \t\t\t\t\t<div class=\"job-category\">\n    \t    \t\t<div class=\"value\">\n    \t\t\t \n\t\t\t\t\t<i class=\"flaticon-briefcase-1\"><\/i>\n\t\t\t\t \n\t    \t\t\t\t            \t<a class=\"category-employer\" href=\"https:\/\/biurokarier.wsb.gorzow.pl\/index.php\/employer-category\/uslugowy\/\">Us\u0142ugowy<\/a>\t\t        \t\t    \t<\/div>\n    \t<\/div>\n    \t\n            \t<div class=\"wrapper-open-job\">\n\t\t\t\t\t<a href=\"https:\/\/biurokarier.wsb.gorzow.pl\/index.php\/employer\/karolina-u\/\" class=\"open-job\">\n\t\t        Open Jobs - <span>0<\/span>        \t\t\t<\/a>\n\t\t    <\/div>\n            <\/div>\n    <\/div>\n<\/article><!-- #post-## -->\n\n                                <\/div>\n                                                    <\/div>\n                                                        <\/div>\n            <\/div>\n            \t\t<\/div>\n\t\t\t\t<\/div>\n\t\t\t\t\t<\/div>\n\t\t<\/div>\n\t\t\t\t\t\t\t<\/div>\n\t\t<\/section>\n\t\t\t\t\t\t\t<\/div>\n\t\t","protected":false},"excerpt":{"rendered":"<p>Follow us a.czekirda Liczba Ofert &#8211; 0 Follow us VILEDON Przemys\u0142owy Liczba Ofert &#8211; 1 Follow us m.kuberrski Liczba Ofert &#8211; 0 Follow us ABC Przemys\u0142owy, Rolniczy, Us\u0142ugowy Liczba Ofert &#8211; 0<\/p>\n","protected":false},"author":1,"featured_media":0,"parent":0,"menu_order":0,"comment_status":"closed","ping_status":"closed","template":"","meta":{"inline_featured_image":false,"_mi_skip_tracking":false,"_monsterinsights_sitenote_active":false,"_monsterinsights_sitenote_note":"","_monsterinsights_sitenote_category":0,"footnotes":""},"class_list":["post-7009","page","type-page","status-publish","hentry"],"aioseo_notices":[],"_links":{"self":[{"href":"https:\/\/biurokarier.wsb.gorzow.pl\/index.php\/wp-json\/wp\/v2\/pages\/7009","targetHints":{"allow":["GET"]}}],"collection":[{"href":"https:\/\/biurokarier.wsb.gorzow.pl\/index.php\/wp-json\/wp\/v2\/pages"}],"about":[{"href":"https:\/\/biurokarier.wsb.gorzow.pl\/index.php\/wp-json\/wp\/v2\/types\/page"}],"author":[{"embeddable":true,"href":"https:\/\/biurokarier.wsb.gorzow.pl\/index.php\/wp-json\/wp\/v2\/users\/1"}],"replies":[{"embeddable":true,"href":"https:\/\/biurokarier.wsb.gorzow.pl\/index.php\/wp-json\/wp\/v2\/comments?post=7009"}],"version-history":[{"count":4,"href":"https:\/\/biurokarier.wsb.gorzow.pl\/index.php\/wp-json\/wp\/v2\/pages\/7009\/revisions"}],"predecessor-version":[{"id":7496,"href":"https:\/\/biurokarier.wsb.gorzow.pl\/index.php\/wp-json\/wp\/v2\/pages\/7009\/revisions\/7496"}],"wp:attachment":[{"href":"https:\/\/biurokarier.wsb.gorzow.pl\/index.php\/wp-json\/wp\/v2\/media?parent=7009"}],"curies":[{"name":"wp","href":"https:\/\/api.w.org\/{rel}","templated":true}]}}