{"id":7289,"date":"2022-12-15T07:58:26","date_gmt":"2022-12-15T06:58:26","guid":{"rendered":"http:\/\/bkwsb.kbsolution.pl\/index.php\/newsletter\/"},"modified":"2022-12-15T07:58:26","modified_gmt":"2022-12-15T06:58:26","slug":"newsletter","status":"publish","type":"page","link":"https:\/\/biurokarier.wsb.gorzow.pl\/index.php\/newsletter\/","title":{"rendered":"Newsletter"},"content":{"rendered":"<p><div class=\"tnp tnp-subscription\">\n<form method=\"post\" action=\"https:\/\/biurokarier.wsb.gorzow.pl\/?na=s\">\n\n<input type=\"hidden\" name=\"nlang\" value=\"\"><div class=\"tnp-field tnp-field-firstname\"><label for=\"tnp-1\">Imi\u0119 lub Imi\u0119 i Nazwisko<\/label>\n<input class=\"tnp-name\" type=\"text\" name=\"nn\" id=\"tnp-1\" value=\"\"><\/div>\n<div class=\"tnp-field tnp-field-email\"><label for=\"tnp-2\">E-mail<\/label>\n<input class=\"tnp-email\" type=\"email\" name=\"ne\" id=\"tnp-2\" value=\"\" required><\/div>\n<div class=\"tnp-field tnp-privacy-field\"><label><input type=\"checkbox\" name=\"ny\" required class=\"tnp-privacy\"> <a target=\"_blank\" href=\"https:\/\/biurokarier.wsb.gorzow.pl\/polityka-prywatnosci\">Przechodz\u0105c dalej, akceptujesz polityk\u0119 prywatno\u015bci<\/a><\/label><\/div><div class=\"tnp-field tnp-field-button\"><input class=\"tnp-submit\" type=\"submit\" value=\"Subskrybuj\" >\n<\/div>\n<\/form>\n<\/div>\n<\/p>\n","protected":false},"excerpt":{"rendered":"","protected":false},"author":1,"featured_media":0,"parent":0,"menu_order":0,"comment_status":"closed","ping_status":"closed","template":"","meta":{"inline_featured_image":false,"_mi_skip_tracking":false,"_monsterinsights_sitenote_active":false,"_monsterinsights_sitenote_note":"","_monsterinsights_sitenote_category":0,"footnotes":""},"class_list":["post-7289","page","type-page","status-publish","hentry"],"aioseo_notices":[],"_links":{"self":[{"href":"https:\/\/biurokarier.wsb.gorzow.pl\/index.php\/wp-json\/wp\/v2\/pages\/7289","targetHints":{"allow":["GET"]}}],"collection":[{"href":"https:\/\/biurokarier.wsb.gorzow.pl\/index.php\/wp-json\/wp\/v2\/pages"}],"about":[{"href":"https:\/\/biurokarier.wsb.gorzow.pl\/index.php\/wp-json\/wp\/v2\/types\/page"}],"author":[{"embeddable":true,"href":"https:\/\/biurokarier.wsb.gorzow.pl\/index.php\/wp-json\/wp\/v2\/users\/1"}],"replies":[{"embeddable":true,"href":"https:\/\/biurokarier.wsb.gorzow.pl\/index.php\/wp-json\/wp\/v2\/comments?post=7289"}],"version-history":[{"count":0,"href":"https:\/\/biurokarier.wsb.gorzow.pl\/index.php\/wp-json\/wp\/v2\/pages\/7289\/revisions"}],"wp:attachment":[{"href":"https:\/\/biurokarier.wsb.gorzow.pl\/index.php\/wp-json\/wp\/v2\/media?parent=7289"}],"curies":[{"name":"wp","href":"https:\/\/api.w.org\/{rel}","templated":true}]}}