{"id":7375,"date":"2023-02-14T08:29:45","date_gmt":"2023-02-14T07:29:45","guid":{"rendered":"http:\/\/bkwsb.kbsolution.pl\/?page_id=7375"},"modified":"2023-02-14T08:31:32","modified_gmt":"2023-02-14T07:31:32","slug":"polityka-prywatnosci-biuro-karier","status":"publish","type":"page","link":"https:\/\/biurokarier.wsb.gorzow.pl\/index.php\/polityka-prywatnosci-biuro-karier\/","title":{"rendered":"Polityka prywatno\u015bci Biuro Karier"},"content":{"rendered":"<p><strong>POLITYKA PRYWATNO\u015aCI<\/strong><br \/>\n<strong>BIURA KARIER WY\u017bSZEJ SZKO\u0141Y BIZNESU W GORZOWIE WIELKOPOLSKIM<\/strong><\/p>\n<p>1. Polityka Prywatno\u015bci okre\u015bla w jaki spos\u00f3b Administrator dba o dane osobowe i prawa U\u017cytkownik\u00f3w Portalu.<br \/>\n2. Administratorem danych osobowych w zwi\u0105zku z korzystaniem z Portalu Biuro Karier WSB jest Wy\u017csza Szko\u0142a Biznesu w Gorzowie Wielkopolskim. W razie pyta\u0144 dotycz\u0105cych przetwarzania danych osobowych oraz przys\u0142uguj\u0105cych praw mo\u017cna skontaktowa\u0107 si\u0119 z Inspektorem Ochrony Danych, drog\u0105 emailow\u0105 na adres: iod@wsb.gorzow.pl lub biurokarier@wsb.gorzow.pl<br \/>\n3. W celu za\u0142o\u017cenia konta na Portalu Biura Karier przetwarzane s\u0105 dane osobowe podane przez U\u017cytkownika w formularzu rejestracyjnym do Portalu, to znaczy imi\u0119 i nazwisko, adres email, nr telefonu oraz ustanowione przez U\u017cytkownika has\u0142o.<br \/>\n4. W ramach funkcjonalno\u015bci Portalu zbierane b\u0119d\u0105 dane osobowe \u2013 imi\u0119, nazwisko, numery telefonu, adres mailowy.<br \/>\n5. Dane zbierane przez pliki cookies dane okre\u015blone s\u0105 w Polityce cookies.<br \/>\n6. Administrator nie przekazuje danych U\u017cytkownik\u00f3w do kraj\u00f3w poza UE \/ EOG\/.<br \/>\n7. Administrator ma obowi\u0105zek udost\u0119pni\u0107 dane U\u017cytkownik\u00f3w je\u017celi zwr\u00f3c\u0105 si\u0119 do niego o to uprawnione organy pa\u0144stwowe, w szczeg\u00f3lno\u015bci jednostki organizacyjne prokuratury, Policja, Prezes Urz\u0119du Ochrony Danych Osobowych, Prezes Urz\u0119du Ochrony Konkurencji i Konsument\u00f3w lub Prezes Urz\u0119du Komunikacji Elektronicznej.<br \/>\n8. Dane osobowe U\u017cytkownik\u00f3w zebrane w ramach \u015bwiadczenia us\u0142ugi Konta przechowywane b\u0119d\u0105 przez okres posiadania Konta w Portalu dla cel\u00f3w realizacji us\u0142ugi Konta oraz zwi\u0105zanych z nim funkcjonalno\u015bci oraz innych us\u0142ug zgodnie z Regulaminem.<br \/>\n9. Dane osobowe nie b\u0119d\u0105 przetwarzane w spos\u00f3b zautomatyzowany (w tym w formie profilowania).<br \/>\n10. U\u017cytkownik ma prawo do cofni\u0119cia ka\u017cdej zgody, jakiej udzieli\u0142 w momencie rejestracji do Portalu, jak r\u00f3wnie\u017c podczas korzystania z funkcjonalno\u015bci oferowanych w Portalu. Cofni\u0119cie zgody ma skutek od momentu wycofania zgody. Cofni\u0119cie zgody nie wp\u0142ywa na przetwarzanie dokonywane zgodnie z prawem przed jej cofni\u0119ciem.<br \/>\n11. Cofni\u0119cie zgody nie poci\u0105ga za sob\u0105 \u017cadnych negatywnych konsekwencji dla U\u017cytkownika. Mo\u017ce jednak uniemo\u017cliwi\u0107 dalsze korzystanie z funkcjonalno\u015bci, kt\u00f3re zgodnie z prawem mo\u017cna \u015bwiadczy\u0107 jedynie za zgod\u0105. (Podstawa prawna: art. 7 ust. 3 RODO).<br \/>\n12. U\u017cytkownik ma prawo do \u017c\u0105dania usuni\u0119cia wszystkich lub niekt\u00f3rych danych osobowych. \u017b\u0105danie usuni\u0119cia wszystkich danych osobowych b\u0119dzie traktowane jako \u017c\u0105danie usuni\u0119cia Konta<br \/>\n13. Prawo \u017c\u0105dania usuni\u0119cia danych osobowych przys\u0142uguje je\u017celi:<br \/>\na. U\u017cytkownik wycofa\u0142 okre\u015blon\u0105 zgod\u0119, w zakresie w jakim dane osobowe by\u0142y przetwarzane w oparciu o jego zgod\u0119;<br \/>\nb. U\u017cytkownik wni\u00f3s\u0142 sprzeciw wobec wykorzystywania danych w celu prowadzenia statystyki korzystania z Portalu, a sprzeciw zosta\u0142 uznany za zasadny;<br \/>\nc. dane osobowe przesta\u0142y by\u0107 niezb\u0119dne do cel\u00f3w, w kt\u00f3rych zosta\u0142y zebrane lub w kt\u00f3rych by\u0142y przetwarzane;<br \/>\nd. dane osobowe s\u0105 przetwarzane niezgodnie z prawem.<br \/>\n14. U\u017cytkownik ma prawo:<br \/>\na. uzyska\u0107 dost\u0119p do swoich danych osobowych;<br \/>\nb. uzyska\u0107 informacje o celach przetwarzania, kategoriach przetwarzanych danych osobowych, o odbiorcach lub kategoriach odbiorc\u00f3w tych danych, o planowanym okresie przechowywania danych lub o kryteriach ustalania tego okresu, o prawach przys\u0142uguj\u0105cych na mocy RODO oraz o prawie wniesienia skargi do organu nadzorczego, o \u017ar\u00f3dle tych danych, o zautomatyzowanym podejmowaniu decyzji, w tym o profilowaniu oraz o zabezpieczeniach stosowanych w zwi\u0105zku z przekazaniem tych danych poza Uni\u0119 Europejsk\u0105;<br \/>\nc. uzyska\u0107 kopi\u0119 swoich danych osobowych (Podstawa prawna: art. 15 RODO)<br \/>\nd. do sprostowania i uzupe\u0142nienia podanych przez siebie danych osobowych (Podstawa prawna: art. 16 RODO),<br \/>\ne. do przenoszenia danych, do innego, wybranego przez siebie, administratora danych osobowych (Podstawa prawna: art. 20 RODO).<br \/>\n15. W przypadku korzystania z prawa zapisanych w punkcie 12 Administrator ma 72 h na dokonanie zmian w systemie.<br \/>\n16. U\u017cytkownik ma prawo sk\u0142ada\u0107 zapytania i wnioski dotycz\u0105ce przetwarzania swoich danych osobowych oraz realizacji przys\u0142uguj\u0105cych mu uprawnie\u0144.<br \/>\n17. U\u017cytkownikowi przys\u0142uguje prawo do wniesienia skargi do organu nadzorczego tj. Prezesa Urz\u0119du Ochrony Danych Osobowych, ul. Stawki 2, 00-193 Warszawa, w przypadku gdy przetwarzanie danych nast\u0119puje z naruszeniem obowi\u0105zuj\u0105cych przepis\u00f3w prawa.<br \/>\n18. W celu zapewnienia bezpiecze\u0144stwa danych Serwer u\u017cywa szyfrowanej transmisji danych (SSL) podczas rejestracji i logowania, co zapewnia ochron\u0119 danych identyfikuj\u0105cych U\u017cytkownika oraz znacz\u0105co utrudnia przechwycenie dost\u0119pu do Konta przez nieupowa\u017cnione systemy lub osoby.<br \/>\n19. Stosownie do potrzeb Polityka Prywatno\u015bci mo\u017ce by\u0107 zmieniana i uzupe\u0142niana. Informacje o wszelkich zmianach lub uzupe\u0142nieniach s\u0105 zamieszczane na stronie g\u0142\u00f3wnej Portalu Biura Karier.<br \/>\n20. Dane osobowe przetwarzane s\u0105 zgodnie z niniejsz\u0105 Polityk\u0105 Prywatno\u015bci, jak r\u00f3wnie\u017c przepisami Rozporz\u0105dzenia Parlamentu Europejskiego i Rady (UE) 2016\/679 w sprawie ochrony os\u00f3b fizycznych w zwi\u0105zku z przetwarzaniem danych osobowych i w sprawie swobodnego przep\u0142ywu takich danych oraz uchylenia dyrektywy 95\/46\/WE (zwane dalej RODO) oraz przepisami prawa pracy.<\/p>\n<p><strong>POLITYKA COOKIES<\/strong><\/p>\n<p>1. Polityka Cookies okre\u015bla spos\u00f3b korzystania z cookies, w tym:<br \/>\na. jakie dane s\u0105 zbierane za pomoc\u0105 cookies,<br \/>\nb. do jakich cel\u00f3w s\u0105 wykorzystywane,<br \/>\nc. jak mo\u017cna zdecydowa\u0107 o preferencjach odno\u015bnie cookies.<br \/>\n2. Og\u00f3lne informacje w zakresie przetwarzania danych osobowych U\u017cytkownik\u00f3w Portalu Biura Karier WSB znajduj\u0105 si\u0119 w Polityce prywatno\u015bci.<br \/>\n3. Administratorem danych osobowych zbieranych za pomoc\u0105 cookies w zwi\u0105zku z korzystaniem z Portalu Biuro Karier WSB jest Wy\u017csza Szko\u0142a Biznesu w Gorzowie Wielkopolskim.<br \/>\n4. Przez pliki cookies rozumie si\u0119 pliki tekstowe, zapisywane przez przegl\u0105dark\u0119 internetow\u0105 na dysku komputera lub innego urz\u0105dzenia U\u017cytkownika, w celu przechowywania informacji s\u0142u\u017c\u0105cych do jego identyfikacji lub zapami\u0119tywania historii dzia\u0142a\u0144 podejmowanych przez niego na Portalu Biura Karier.<br \/>\n5. Pliki cookies ustawiane s\u0105 przez serwer internetowy WSB.<br \/>\n6. Za pomoc\u0105 cookies mo\u017cna zbiera\u0107 nast\u0119puj\u0105ce informacje o U\u017cytkownikach:<br \/>\na. dane dotycz\u0105ce urz\u0105dzenia (m.in. ID urz\u0105dzenia, adres MAC, adres IP, system operacyjny, ustawienia urz\u0105dzenia, w szczeg\u00f3lno\u015bci ustawiony j\u0119zyk, rozdzielczo\u015b\u0107 ekranu, rodzaj przegl\u0105darki internetowej),<br \/>\nb. dane dotycz\u0105ce wizyt na Portalu (m.in. czas i d\u0142ugo\u015b\u0107 wizyty, data, dane dotycz\u0105ce wyszukiwania),<br \/>\nc. dane dotycz\u0105ce lokalizacji U\u017cytkownika (je\u017celi wyrazi na to odr\u0119bn\u0105 zgod\u0119),<br \/>\nd. adres email (zahashowany),<br \/>\ne. informacje o reklamach i o linkach, w kt\u00f3re wszed\u0142 U\u017cytkownik, je\u015bli takie si\u0119 pojawi\u0105.<br \/>\n7. Pliki cookies zbierane s\u0105 w nast\u0119puj\u0105cych celach:<br \/>\na. zapewnienia bezpiecze\u0144stwa i przeciwdzia\u0142ania nadu\u017cyciom (w tym uniemo\u017cliwienia dost\u0119pu osobom nieuprawnionym);<br \/>\nb. dostosowania zawarto\u015bci strony internetowej do preferencji i urz\u0105dzenia ko\u0144cowego u\u017cytkownika oraz optymalizacji korzystania ze stron internetowych;<br \/>\nc. zapobiegania wykonywania pewnych dzia\u0142a\u0144 na stronie internetowej przez roboty internetowe;<br \/>\nd. u\u0142atwienia logowania si\u0119 do konta u\u017cytkownika oraz umo\u017cliwienia przechodzenia mi\u0119dzy podstronami na stronie internetowej bez konieczno\u015bci ponownego logowania si\u0119 na ka\u017cdej podstronie;<br \/>\ne. tworzenia anonimowych, zagregowanych statystyk, kt\u00f3re pomagaj\u0105 zrozumie\u0107, w jaki spos\u00f3b u\u017cytkownik korzysta ze strony internetowej, co umo\u017cliwia ulepszanie jej struktury i zawarto\u015bci;<br \/>\nf. obserwowania aktywno\u015b\u0107 U\u017cytkownika w Portalu;<br \/>\ng. umo\u017cliwienia usprawniania dzia\u0142ania strony internetowej, w tym badania jej wydajno\u015bci.<br \/>\n8. Aby wyrazi\u0107 zgody na cookies mo\u017cna skorzysta\u0107 z centrum preferencji dost\u0119pnego w Portalu. Za pomoc\u0105 przycisk\u00f3w \u201eAkceptuj wszystkie\u201d lub \u201eDostosuj\u201d mo\u017cna udzieli\u0107 odpowiednich zg\u00f3d oraz zarz\u0105dza\u0107 swoimi preferencjami. W ka\u017cdym momencie mo\u017cna cofn\u0105\u0107 udzielon\u0105 zgod\u0119 w centrum preferencji (\u201eustawienia plik\u00f3w cookies\u201d), dost\u0119pnym w stopce Portalu.<br \/>\n9. Informujemy, \u017ce zmiana preferencji odno\u015bnie okre\u015blonych rodzaj\u00f3w cookies mo\u017ce spowodowa\u0107 utrudnienia w korzystaniu z niekt\u00f3rych us\u0142ug.<\/p>\n","protected":false},"excerpt":{"rendered":"<p>POLITYKA PRYWATNO\u015aCI BIURA KARIER WY\u017bSZEJ SZKO\u0141Y BIZNESU W GORZOWIE WIELKOPOLSKIM 1. Polityka Prywatno\u015bci okre\u015bla w jaki spos\u00f3b Administrator dba o dane osobowe i prawa U\u017cytkownik\u00f3w Portalu. 2. Administratorem danych osobowych w zwi\u0105zku z korzystaniem z Portalu Biuro Karier WSB jest Wy\u017csza Szko\u0142a Biznesu w Gorzowie Wielkopolskim. W razie pyta\u0144 dotycz\u0105cych przetwarzania danych osobowych oraz przys\u0142uguj\u0105cych [&hellip;]<\/p>\n","protected":false},"author":1,"featured_media":0,"parent":0,"menu_order":0,"comment_status":"closed","ping_status":"closed","template":"","meta":{"inline_featured_image":false,"_mi_skip_tracking":false,"_monsterinsights_sitenote_active":false,"_monsterinsights_sitenote_note":"","_monsterinsights_sitenote_category":0,"footnotes":""},"class_list":["post-7375","page","type-page","status-publish","hentry"],"aioseo_notices":[],"_links":{"self":[{"href":"https:\/\/biurokarier.wsb.gorzow.pl\/index.php\/wp-json\/wp\/v2\/pages\/7375","targetHints":{"allow":["GET"]}}],"collection":[{"href":"https:\/\/biurokarier.wsb.gorzow.pl\/index.php\/wp-json\/wp\/v2\/pages"}],"about":[{"href":"https:\/\/biurokarier.wsb.gorzow.pl\/index.php\/wp-json\/wp\/v2\/types\/page"}],"author":[{"embeddable":true,"href":"https:\/\/biurokarier.wsb.gorzow.pl\/index.php\/wp-json\/wp\/v2\/users\/1"}],"replies":[{"embeddable":true,"href":"https:\/\/biurokarier.wsb.gorzow.pl\/index.php\/wp-json\/wp\/v2\/comments?post=7375"}],"version-history":[{"count":3,"href":"https:\/\/biurokarier.wsb.gorzow.pl\/index.php\/wp-json\/wp\/v2\/pages\/7375\/revisions"}],"predecessor-version":[{"id":7379,"href":"https:\/\/biurokarier.wsb.gorzow.pl\/index.php\/wp-json\/wp\/v2\/pages\/7375\/revisions\/7379"}],"wp:attachment":[{"href":"https:\/\/biurokarier.wsb.gorzow.pl\/index.php\/wp-json\/wp\/v2\/media?parent=7375"}],"curies":[{"name":"wp","href":"https:\/\/api.w.org\/{rel}","templated":true}]}}