{"id":7381,"date":"2023-02-14T08:34:19","date_gmt":"2023-02-14T07:34:19","guid":{"rendered":"http:\/\/bkwsb.kbsolution.pl\/?page_id=7381"},"modified":"2023-02-14T08:34:19","modified_gmt":"2023-02-14T07:34:19","slug":"regulamin-biura-karier","status":"publish","type":"page","link":"https:\/\/biurokarier.wsb.gorzow.pl\/index.php\/regulamin-biura-karier\/","title":{"rendered":"Regulamin Biura Karier"},"content":{"rendered":"<p><b>REGULAMIN PORTALU BIURA KARIER<\/b><br \/>\n<b>Wy\u017cszej szko\u0142y biznesu w Gorzowie Wielkopolskim<\/b><\/p>\n<p><strong>I. Wprowadzenie<\/strong><\/p>\n<p>Administrator portalu \u2013 Wy\u017csza Szko\u0142a Biznesu w Gorzowie Wielkopolskim (WSB).<br \/>\nKandydat \u2013 osoba pe\u0142noletnia, ubiegaj\u0105ca si\u0119 o prac\u0119, sta\u017c lub praktyk\u0119 (w tym student, absolwent uczelni).<br \/>\nKonto \u2013 zbi\u00f3r informacji i ustawie\u0144 utworzonych dla U\u017cytkownika w ramach portalu Biura Karier WSB.<br \/>\nPracodawca \u2013 podmiot, kt\u00f3ry publikuje og\u0142oszenia o prac\u0119, praktyk\u0119 lub sta\u017c w portalu lub korzysta z innych us\u0142ug realizowanych przez Biuro Karier WSB.<br \/>\nProfil Pracodawcy &#8211; funkcjonalno\u015b\u0107 Konta pozwalaj\u0105ca oferentowi na udost\u0119pnienie jego danych kontaktowych i innych informacji, kt\u00f3re chce udost\u0119pni\u0107 o swojej organizacji (np. bran\u017ca, prezentacja firmy, zdj\u0119cia, logo).<br \/>\nProfil U\u017cytkownika \u2013 funkcjonalno\u015b\u0107 Konta pozwalaj\u0105ca U\u017cytkownikowi na gromadzenie wybranych informacji, w tym podstawowych danych osobowych (imi\u0119, nazwisko, p\u0142e\u0107) danych kontaktowych (telefon, adres email) oraz innych wybranych informacji wpisanych przez U\u017cytkownika.<br \/>\nU\u017cytkownik \u2013 ka\u017cdy, kto posiada Konto i korzysta z Us\u0142ug \u015bwiadczonych w przez Biuro Karier WSB.<br \/>\nWSB \u2013 Wy\u017csza Szko\u0142a Biznesu w Gorzowie Wielkopolskim<\/p>\n<p><strong>II. Postanowienia og\u00f3lne <\/strong><\/p>\n<p>1. Portal Biura Karier Wy\u017cszej Szko\u0142y Biznesu w Gorzowie Wielkopolskim (dalej: Biuro Karier WSB) s\u0142u\u017cy do prezentowania ofert pracy\/ praktyk\/ sta\u017cy\/ bezp\u0142atnych szkole\u0144 i kurs\u00f3w zg\u0142aszanych przez Pracodawc\u00f3w kandydatom, w tym przede wszystkim studentom i absolwentom WSB. Ponadto celem Biura Karier WSB jest przekazywanie m. in. informacji z rynku pracy, zwi\u0105zanych z rozwojem kariery zawodowej, wymaga\u0144 i oczekiwa\u0144 pracodawc\u00f3w.<br \/>\n2. Korzystanie przez U\u017cytkownik\u00f3w z portalu Biura WSB jest bezp\u0142atne.<br \/>\n3. Portal Biura Karier WSB posiada nast\u0119puj\u0105ce funkcjonalno\u015bci:<br \/>\na. mo\u017cliwo\u015b\u0107 za\u0142o\u017cenia konta,<br \/>\nb. mo\u017cliwo\u015b\u0107 logowania<br \/>\nc. stworzenie profilu kandydata<br \/>\nd. prezentacja pracodawc\u00f3w zarejestrowanych w Portalu (kr\u00f3tkie opisy, dane kontaktowe);<br \/>\ne. prezentacja ofert pracy\/ sta\u017cy\/ praktyk\/ szkole\u0144 oferowanych przez zarejestrowanych pracodawc\u00f3w;<br \/>\nf. mo\u017cliwo\u015b\u0107 aplikowania w odpowiedzi na zamieszczone oferty;<br \/>\ng. mo\u017cliwo\u015b\u0107 zapoznania si\u0119 z informacjami dotycz\u0105cymi rynku pracy i z innymi wiadomo\u015bciami zamieszczanymi w Portalu.<br \/>\n4. Portal Biura Karier WSB zosta\u0142 sfinansowany ze \u015brodk\u00f3w Unii Europejskiej w ramach projektu \u201eWy\u017csza Szko\u0142a Biznesu w Gorzowie Wlkp. \u2013 Uczelnia przyjazna i dost\u0119pna\u201d ze \u015brodk\u00f3w Funduszy Europejskich Wiedza Edukacja Rozw\u00f3j, realizowanego przez Wy\u017csz\u0105 Szko\u0142\u0119 Biznesu w Gorzowie Wielkopolskim oraz Akademi\u0119 S\u0142o\u0144ca w Poznaniu.<br \/>\n5. Prawo do korzystania z portalu Biura Karier WSB maj\u0105:<br \/>\nstudenci i absolwenci WSB oraz innych uczelni, oraz inne osoby zainteresowane poszukiwaniem pracy\/ sta\u017cu\/ praktyki po zalogowaniu (U\u017cytkownicy),<br \/>\npracodawcy oraz instytucje rynku pracy (Oferenci),<br \/>\npracownicy WSB.<br \/>\n6. W\u015br\u00f3d tre\u015bci publikowanych w Portalu Biura Karier WSB mog\u0105 znale\u017a\u0107 si\u0119, mi\u0119dzy innymi, nast\u0119puj\u0105ce informacje:<br \/>\na. oferty pracy \/ praktyk \/ sta\u017cy;<br \/>\nb. informacje i wizyt\u00f3wki firm jako potencjalnych pracodawc\u00f3w;<br \/>\nc. aktualno\u015bci z rynku pracy: raporty, analizy, wyniki bada\u0144, itp.;<br \/>\nd. informacje o szkoleniach, wydarzeniach, kursach itd.<\/p>\n<p><strong>III. Zasady korzystania z serwisu <\/strong><br \/>\n1. Niezale\u017cnie od jakichkolwiek postanowie\u0144 Regulaminu ostateczna decyzja o publikacji ka\u017cdej oferty zawsze nale\u017cy do Pracodawcy, z zastrze\u017ceniem punktu 4.<br \/>\n2. Administrator nie ponosi odpowiedzialno\u015bci za tre\u015bci og\u0142osze\u0144 dodawanych przez Pracodawc\u00f3w, a tak\u017ce oferowane przez nich warunki pracy.<br \/>\n3. Zakazuje si\u0119 wprowadzania na stron\u0119 Biura Karier tre\u015bci niezgodnych z prawd\u0105, niezgodnych z prawem, naruszaj\u0105cych dobra osobiste os\u00f3b trzecich.<br \/>\n4. Administrator zastrzega sobie prawo do odmowy publikacji lub do usuni\u0119cia informacji umieszczonej przez Pracodawc\u0119 ze strony www.biurokarier.wsb.gorzow.pl je\u015bli publikacje zawieraj\u0105 tre\u015bci wylistowane w punkcie 3 lub naruszaj\u0105ce dobre obyczaje.<\/p>\n<p><strong>IV. Prawa i obowi\u0105zki Pracodawc\u00f3w<\/strong><br \/>\n1. W celu zamieszczenia oferty pracy \/ sta\u017cu \/ praktyki Oferent musi:<br \/>\na. zalogowa\u0107 si\u0119 na stronie Biura Karier;<br \/>\nb. wype\u0142ni\u0107 formatk\u0119 opisuj\u0105c\u0105 podstawowe dane Oferenta (opis organizacji);<br \/>\nc. wype\u0142ni\u0107 formularz z danymi dotycz\u0105cymi oferowanej pracy\/ sta\u017cu\/praktyki;<br \/>\nd. umie\u015bci\u0107 odpowiednie klauzule RODO obowi\u0105zuj\u0105ce w jego organizacji.<br \/>\n2. Podanie niepe\u0142nych lub nieprawdziwych danych rejestracyjnych mo\u017ce skutkowa\u0107 usuni\u0119ciem oferty pracy.<br \/>\n3. Pracodawca mo\u017ce posiada\u0107 na portalu pod jedn\u0105 nazw\u0105 jedno konto.<br \/>\n4. Oferent zak\u0142adaj\u0105cy konto na portalu Biura Karier WSB przyjmuje i akceptuje warunki Regulaminu z chwil\u0105 zarejestrowania si\u0119 na Portalu Biura Karier WSB.<br \/>\n5. Zabronione jest ujawnianie osobom trzecim danych dost\u0119powych do swojego konta w postaci identyfikatora i has\u0142a.<br \/>\n6. Zabronione jest publikowanie ofert w celach innych ni\u017c selekcja i rekrutacja pracownik\u00f3w. Wy\u017csza Szko\u0142a Biznesu w Gorzowie Wielkopolskim nie ponosi odpowiedzialno\u015bci za naruszenie tego zakazu.<br \/>\n7. Oferent ma prawo do wgl\u0105du, aktualizacji oraz poprawiania swoich danych.<br \/>\n8. Oferent mo\u017ce w ka\u017cdej chwili usun\u0105\u0107 swoje dane z portalu Biura Karier.<br \/>\n9. Oferent-pracodawca przyjmuje do wiadomo\u015bci i wyra\u017ca zgod\u0119 na to, \u017ce jego prawo do korzystania z portalu Biura Karier zostanie automatycznie uniewa\u017cnione w przypadku pr\u00f3b korzystania z portalu w celu innym ni\u017c okre\u015blony w niniejszym Regulaminie.<\/p>\n<p><strong>II.2. Prawa i obowi\u0105zki U\u017cytkownik\u00f3w<\/strong><br \/>\n1. Warunkiem korzystania ze znajduj\u0105cych si\u0119 na Portalu Biura Karier WSB ofert pracy\/praktyk\/sta\u017cy\/wolontariatu oraz niekt\u00f3rych innych funkcjonalno\u015bci jak przegl\u0105danie serwisu\/ aktualno\u015bci jest za\u0142o\u017cenie konta (rejestracja na portalu).<br \/>\n2. U\u017cytkownik akceptuje konieczno\u015b\u0107 posiadania aktualnego, czynnego adresu poczty elektronicznej. Adres ten jest podawany bezpo\u015brednio w Formularzu rejestracyjnym i s\u0142u\u017cy do rejestracji.<br \/>\n3. Rejestracja na Portalu Biura Karier WSB wymaga wyra\u017cenia zgody u\u017cytkownika na przetwarzanie danych osobowych oraz potwierdzenia zapoznania si\u0119 z klauzul\u0105 informacyjn\u0105, regulaminem portalu oraz polityk\u0105 prywatno\u015bci.<br \/>\n4. U\u017cytkownik uzyskuje dost\u0119p do utworzonego Konta za pomoc\u0105 swojego loginu (adresu poczty elektronicznej) oraz samodzielnie ustanowionego has\u0142a.<br \/>\n5. Rejestracja na Portalu Biura Karier WSB pozwala na korzystanie z nast\u0119puj\u0105cych opcji: przegl\u0105danie informacji znajduj\u0105cych si\u0119 na portalu, poszukiwanie ofert pracy\/sta\u017cy\/praktyk, wype\u0142nianie aplikacji w odpowiedzi na wybran\u0105 ofert\u0119 i udost\u0119pnianie jej pracodawcom poszukuj\u0105cym kandydat\u00f3w\/ek do pracy.<br \/>\n6. Aplikuj\u0105c na oferty pracy\/praktyk\/sta\u017cy kandydat przyjmuje do wiadomo\u015bci, \u017ce udost\u0119pnia w ten spos\u00f3b dane osobowe zawarte w wizyt\u00f3wce lub\/i w innych przes\u0142anych za po\u015brednictwem portalu dokumentach w\u0142a\u015bciwemu pracodawcy.<br \/>\n7. Zabronione jest ujawnianie osobom trzecim danych dost\u0119powych do swojego konta, w postaci identyfikatora i has\u0142a.<br \/>\n8. U\u017cytkownik ma prawo do wgl\u0105du, aktualizacji oraz poprawiania swoich danych.<br \/>\n9. U\u017cytkownik mo\u017ce w ka\u017cdej chwili usun\u0105\u0107 swoje dane z portalu Biura karier.<br \/>\n10. U\u017cytkownik przyjmuje do wiadomo\u015bci i wyra\u017ca zgod\u0119 na to, \u017ce jego prawo do korzystania z portalu zostanie automatycznie uniewa\u017cnione w przypadku pr\u00f3b korzystania z portalu w jakimkolwiek innym niezgodnym z Regulaminem celu.<br \/>\n11. Korzystanie z us\u0142ug Portalu mo\u017ce wi\u0105za\u0107 si\u0119 ze standardowym ryzykiem zwi\u0105zanym z wykorzystaniem sieci Internet i dlatego rekomenduje si\u0119 U\u017cytkownikom przedsi\u0119wzi\u0119cie odpowiednich krok\u00f3w w celu ich zminimalizowania.<br \/>\nIII. Odpowiedzialno\u015b\u0107 Biura Karier Wy\u017cszej Szko\u0142y Biznesu w Gorzowie Wielkopolskim<br \/>\n1. Wy\u017csza Szko\u0142a Biznesu w Gorzowie Wielkopolskim nie ponosi wobec U\u017cytkownik\u00f3w naruszaj\u0105cych Regulamin odpowiedzialno\u015bci za jakiekolwiek szkody powsta\u0142e na skutek zaprzestania \u015bwiadczenia im Us\u0142ug, w tym na skutek usuni\u0119cia Konta.<br \/>\n2. Biuro Karier WSB nie ponosi ponadto odpowiedzialno\u015bci za:<br \/>\na) jakiekolwiek szkody wyrz\u0105dzone osobom trzecim, powsta\u0142e w wyniku korzystania przez U\u017cytkownika z Portalu w spos\u00f3b sprzeczny z Regulaminem lub przepisami prawa,<br \/>\nb) tre\u015bci udost\u0119pniane przez U\u017cytkownika w wyniku korzystania z Portalu, kt\u00f3re to tre\u015bci naruszaj\u0105 prawo lub chronione prawem dobra os\u00f3b trzecich,<br \/>\nc) informacje oraz materia\u0142y zamieszczone w Portalu przez U\u017cytkownika lub Oferenta,<br \/>\nd) utrat\u0119 przez U\u017cytkownika danych spowodowan\u0105 dzia\u0142aniem czynnik\u00f3w zewn\u0119trznych (np. awaria sprz\u0119tu) lub te\u017c innymi okoliczno\u015bciami niezale\u017cnymi od WSB (dzia\u0142anie os\u00f3b trzecich), w tym zawinionymi przez U\u017cytkownika,<br \/>\ne) szkody wynik\u0142e na skutek braku ci\u0105g\u0142o\u015bci dostarczania us\u0142ug, b\u0119d\u0105ce nast\u0119pstwem okoliczno\u015bci, za kt\u00f3re WSB nie ponosi odpowiedzialno\u015bci (si\u0142a wy\u017csza, dzia\u0142ania i zaniechania os\u00f3b trzecich itp.),<br \/>\nf) podania przez U\u017cytkownika nieprawdziwych, nieaktualnych lub niepe\u0142nych danych lub informacji,<br \/>\ng) nieprzestrzeganie przez U\u017cytkownika postanowie\u0144 Regulaminu.<\/p>\n<p><strong>IV. Postanowienia ko\u0144cowe <\/strong><br \/>\n1. Wy\u017csza Szko\u0142a Biznesu zastrzega sobie prawo do przej\u015bciowego zaprzestania \u015bwiadczenia us\u0142ug Biura Karier ze wzgl\u0119du na czynno\u015bci konserwacyjne lub zwi\u0105zane z modyfikacj\u0105 Portalu. W przypadku wyst\u0105pienia awarii lub innych zak\u0142\u00f3ce\u0144 w funkcjonowaniu Portalu, uniemo\u017cliwiaj\u0105cych korzystanie z okre\u015blonych funkcjonalno\u015bci lub ustawie\u0144, WSB podejmuje niezw\u0142ocznie wszelkie dzia\u0142ania zmierzaj\u0105ce do naprawienia takiej awarii lub zak\u0142\u00f3cenia.<br \/>\n2. W sprawach nieuregulowanych w Regulaminie zastosowanie maj\u0105 przepisy ustawy o \u015bwiadczeniu us\u0142ug drog\u0105 elektroniczn\u0105, ustawy o ochronie danych osobowych, Kodeksu Cywilnego oraz pozosta\u0142e przepisy prawa polskiego.<br \/>\n3. Ewentualne skargi i uwagi dotycz\u0105ce funkcjonowania portalu Biura Karier WSB nale\u017cy zg\u0142asza\u0107 na adres: biurokarier@wsb.gorzow.pl.<br \/>\n4. Wy\u017csza Szko\u0142a Biznesu w Gorzowie Wielkopolskim zastrzega sobie prawo do zmiany Regulaminu w ka\u017cdej chwili, bez uprzedniego informowania o tym Oferent\u00f3w i U\u017cytkownik\u00f3w.<\/p>\n<p><strong>V. Podstawy prawne<br \/>\n<\/strong>1. Kodeks Cywilny \u2013 ustawa z dnia 23 kwietnia 1964 r. Kodeks cywilny (tj. Dz.U. z 2017 r. poz. 459).<br \/>\n2. Ustawa o prawie autorskim i prawach pokrewnych \u2013 ustawa z dnia 4 lutego 1994 r. o prawie autorskim i prawach pokrewnych (tj. Dz.U. z 2017 r., poz. 880).<br \/>\n3. Ustawa o \u015bwiadczeniu us\u0142ug drog\u0105 elektroniczn\u0105 \u2013 ustawa z dnia 18 lipca 2002 r. o \u015bwiadczeniu us\u0142ug drog\u0105 elektroniczn\u0105 (tj. Dz.U. z 2017 r., poz. 1219).<br \/>\n4. Rozporz\u0105dzenie Parlamentu Europejskiego i Rady (UE) 2016\/679 w sprawie ochrony os\u00f3b fizycznych w zwi\u0105zku z przetwarzaniem danych osobowych i w sprawie swobodnego przep\u0142ywu takich danych oraz uchylenia dyrektywy 95\/46\/WE (zwane dalej RODO).<\/p>\n","protected":false},"excerpt":{"rendered":"<p>REGULAMIN PORTALU BIURA KARIER Wy\u017cszej szko\u0142y biznesu w Gorzowie Wielkopolskim I. Wprowadzenie Administrator portalu \u2013 Wy\u017csza Szko\u0142a Biznesu w Gorzowie Wielkopolskim (WSB). Kandydat \u2013 osoba pe\u0142noletnia, ubiegaj\u0105ca si\u0119 o prac\u0119, sta\u017c lub praktyk\u0119 (w tym student, absolwent uczelni). Konto \u2013 zbi\u00f3r informacji i ustawie\u0144 utworzonych dla U\u017cytkownika w ramach portalu Biura Karier WSB. Pracodawca \u2013 [&hellip;]<\/p>\n","protected":false},"author":1,"featured_media":0,"parent":0,"menu_order":0,"comment_status":"closed","ping_status":"closed","template":"","meta":{"inline_featured_image":false,"_mi_skip_tracking":false,"_monsterinsights_sitenote_active":false,"_monsterinsights_sitenote_note":"","_monsterinsights_sitenote_category":0,"footnotes":""},"class_list":["post-7381","page","type-page","status-publish","hentry"],"aioseo_notices":[],"_links":{"self":[{"href":"https:\/\/biurokarier.wsb.gorzow.pl\/index.php\/wp-json\/wp\/v2\/pages\/7381","targetHints":{"allow":["GET"]}}],"collection":[{"href":"https:\/\/biurokarier.wsb.gorzow.pl\/index.php\/wp-json\/wp\/v2\/pages"}],"about":[{"href":"https:\/\/biurokarier.wsb.gorzow.pl\/index.php\/wp-json\/wp\/v2\/types\/page"}],"author":[{"embeddable":true,"href":"https:\/\/biurokarier.wsb.gorzow.pl\/index.php\/wp-json\/wp\/v2\/users\/1"}],"replies":[{"embeddable":true,"href":"https:\/\/biurokarier.wsb.gorzow.pl\/index.php\/wp-json\/wp\/v2\/comments?post=7381"}],"version-history":[{"count":1,"href":"https:\/\/biurokarier.wsb.gorzow.pl\/index.php\/wp-json\/wp\/v2\/pages\/7381\/revisions"}],"predecessor-version":[{"id":7382,"href":"https:\/\/biurokarier.wsb.gorzow.pl\/index.php\/wp-json\/wp\/v2\/pages\/7381\/revisions\/7382"}],"wp:attachment":[{"href":"https:\/\/biurokarier.wsb.gorzow.pl\/index.php\/wp-json\/wp\/v2\/media?parent=7381"}],"curies":[{"name":"wp","href":"https:\/\/api.w.org\/{rel}","templated":true}]}}